{"id":67,"date":"2012-01-30T23:06:04","date_gmt":"2012-01-30T22:06:04","guid":{"rendered":"http:\/\/naplementetk.hu\/?page_id=67"},"modified":"2013-06-26T22:13:14","modified_gmt":"2013-06-26T21:13:14","slug":"kiegeszito-szolgaltatasok","status":"publish","type":"page","link":"http:\/\/naplementetk.hu\/?page_id=67","title":{"rendered":"Kieg\u00e9sz\u00edt\u0151 szolg\u00e1ltat\u00e1sok"},"content":{"rendered":"<p><a href=\"http:\/\/naplementetk.hu\/wp-content\/uploads\/2012\/01\/011.jpg\"><img loading=\"lazy\" decoding=\"async\" class=\"alignright size-medium wp-image-91\" title=\"01\" src=\"http:\/\/naplementetk.hu\/wp-content\/uploads\/2012\/01\/011-300x216.jpg\" alt=\"\" width=\"300\" height=\"216\" srcset=\"http:\/\/naplementetk.hu\/wp-content\/uploads\/2012\/01\/011-300x216.jpg 300w, http:\/\/naplementetk.hu\/wp-content\/uploads\/2012\/01\/011.jpg 400w\" sizes=\"auto, (max-width: 300px) 100vw, 300px\" \/><\/a><\/p>\n<p>&nbsp;<\/p>\n<p>Irod\u00e1inkban v\u00e1llalunk a megyei napilapba t\u00f6rt\u00e9n\u0151 gy\u00e1szhirdet\u00e9s-felad\u00e1st, koszor\u00fa, s\u00edrcsokor, kopors\u00f3d\u00edsz \u00e9s egy\u00e9b kegyeleti vir\u00e1gmegrendel\u00e9st. Ugyancsak megrendelhet\u0151k s\u00edrk\u00f6ves munk\u00e1k, valamint seg\u00edts\u00e9get ny\u00fajtunk halotti tor megszervez\u00e9s\u00e9hez is.<br \/>\nV\u00e1llalunk teljes k\u00f6r\u0171 \u00fcgyint\u00e9z\u00e9st, t\u00f6bbek k\u00f6z\u00f6tt: k\u00f3rh\u00e1zi dokumentumok beszerz\u00e9se, halotti anyak\u00f6nyvi kivonat elk\u00e9sz\u00edttet\u00e9se, k\u00fcl\u00f6nf\u00e9le \u00c1NTSZ enged\u00e9lyek (pl. r\u00e1temet\u00e9si-, kriptanyit\u00e1si-, exhum\u00e1l\u00e1si-, stb.) soron k\u00edv\u00fcli int\u00e9z\u00e9se.<\/p>\n<p>\u2022\u00a0\u00a0 \u00a0Hirdet\u00e9s felv\u00e9tele<br \/>\n\u2022\u00a0\u00a0 \u00a0Exhum\u00e1l\u00e1s, exhum\u00e1l\u00e1s ut\u00e1ni hamvaszt\u00e1s<br \/>\n\u2022\u00a0\u00a0 \u00a0Urna elhelyez\u00e9se, kiad\u00e1sa<br \/>\n\u2022\u00a0\u00a0 \u00a0Gy\u00e1szzene biztos\u00edt\u00e1sa<br \/>\n\u2022\u00a0\u00a0 \u00a0Elhunytak h\u0171t\u00e9se<br \/>\n\u2022\u00a0\u00a0 \u00a0Temet\u00e9sek lebonyol\u00edt\u00e1sa<br \/>\n\u2022\u00a0\u00a0 \u00a0S\u00edr\u00e1s\u00e1s, hantol\u00e1s<br \/>\n\u2022\u00a0\u00a0 \u00a0Anyak\u00f6nyveztet\u00e9s<br \/>\n\u2022\u00a0\u00a0 \u00a0B\u00facs\u00faztat\u00e1s, ravataloz\u00e1s<br \/>\n\u2022\u00a0\u00a0 \u00a0Halotthamvaszt\u00e1s lebonyol\u00edt\u00e1sa<br \/>\n\u2022\u00a0\u00a0 \u00a0Hi\u00e1nyz\u00f3 okm\u00e1nyok beszerz\u00e9se sz\u00fcks\u00e9g eset\u00e9n<br \/>\n\u2022\u00a0\u00a0 \u00a0Sz\u00fcks\u00e9ges enged\u00e9lyek megk\u00e9r\u00e9se<br \/>\n\u2022\u00a0\u00a0 \u00a0Temet\u00e9shez sz\u00fcks\u00e9ges kell\u00e9kek forgalmaz\u00e1sa<br \/>\n\u2022\u00a0\u00a0 \u00a0Kopors\u00f3, urna, szemfed\u00e9l, s\u00edrjelz\u0151, gy\u00e1szlap stb.<br \/>\n\u2022\u00a0\u00a0 \u00a0Halott sz\u00e1ll\u00edt\u00e1s<br \/>\n\u2022\u00a0\u00a0 \u00a0Hamvaszt\u00e1sos temet\u00e9sek teljes k\u00f6r\u0171 \u00fcgyint\u00e9z\u00e9se<br \/>\n\u2022\u00a0\u00a0 \u00a0Kopors\u00f3s temet\u00e9sek teljes k\u00f6r\u0171 \u00fcgyint\u00e9z\u00e9se<\/p>\n","protected":false},"excerpt":{"rendered":"<p>&nbsp; Irod\u00e1inkban v\u00e1llalunk a megyei napilapba t\u00f6rt\u00e9n\u0151 gy\u00e1szhirdet\u00e9s-felad\u00e1st, koszor\u00fa, s\u00edrcsokor, kopors\u00f3d\u00edsz \u00e9s egy\u00e9b kegyeleti vir\u00e1gmegrendel\u00e9st. Ugyancsak megrendelhet\u0151k s\u00edrk\u00f6ves munk\u00e1k, valamint seg\u00edts\u00e9get ny\u00fajtunk halotti tor megszervez\u00e9s\u00e9hez is. V\u00e1llalunk teljes k\u00f6r\u0171 \u00fcgyint\u00e9z\u00e9st, t\u00f6bbek k\u00f6z\u00f6tt: k\u00f3rh\u00e1zi dokumentumok beszerz\u00e9se, halotti anyak\u00f6nyvi kivonat elk\u00e9sz\u00edttet\u00e9se, k\u00fcl\u00f6nf\u00e9le \u00c1NTSZ enged\u00e9lyek (pl. r\u00e1temet\u00e9si-, kriptanyit\u00e1si-, exhum\u00e1l\u00e1si-, stb.) soron k\u00edv\u00fcli int\u00e9z\u00e9se. \u2022\u00a0\u00a0 \u00a0Hirdet\u00e9s felv\u00e9tele \u2022\u00a0\u00a0 \u00a0Exhum\u00e1l\u00e1s, [&hellip;]<\/p>\n","protected":false},"author":1,"featured_media":0,"parent":0,"menu_order":0,"comment_status":"closed","ping_status":"closed","template":"","meta":{"ngg_post_thumbnail":0,"footnotes":""},"class_list":["post-67","page","type-page","status-publish","hentry"],"_links":{"self":[{"href":"http:\/\/naplementetk.hu\/index.php?rest_route=\/wp\/v2\/pages\/67","targetHints":{"allow":["GET"]}}],"collection":[{"href":"http:\/\/naplementetk.hu\/index.php?rest_route=\/wp\/v2\/pages"}],"about":[{"href":"http:\/\/naplementetk.hu\/index.php?rest_route=\/wp\/v2\/types\/page"}],"author":[{"embeddable":true,"href":"http:\/\/naplementetk.hu\/index.php?rest_route=\/wp\/v2\/users\/1"}],"replies":[{"embeddable":true,"href":"http:\/\/naplementetk.hu\/index.php?rest_route=%2Fwp%2Fv2%2Fcomments&post=67"}],"version-history":[{"count":9,"href":"http:\/\/naplementetk.hu\/index.php?rest_route=\/wp\/v2\/pages\/67\/revisions"}],"predecessor-version":[{"id":70,"href":"http:\/\/naplementetk.hu\/index.php?rest_route=\/wp\/v2\/pages\/67\/revisions\/70"}],"wp:attachment":[{"href":"http:\/\/naplementetk.hu\/index.php?rest_route=%2Fwp%2Fv2%2Fmedia&parent=67"}],"curies":[{"name":"wp","href":"https:\/\/api.w.org\/{rel}","templated":true}]}}