{"id":382,"date":"2021-12-20T20:07:07","date_gmt":"2021-12-20T19:07:07","guid":{"rendered":"http:\/\/naplementetk.hu\/?page_id=382"},"modified":"2021-12-20T20:07:59","modified_gmt":"2021-12-20T19:07:59","slug":"araink","status":"publish","type":"page","link":"http:\/\/naplementetk.hu\/?page_id=382","title":{"rendered":"\u00c1raink"},"content":{"rendered":"\n<p><\/p>\n\n\n\n<p><\/p>\n\n\n\n<p>Urna 5.000Ft+\u00e1fa-t\u00f3l<\/p>\n\n\n\n<p><br>B\u00e9lelt kopors\u00f3 40 000Ft-+\u00e1f\u00e1-t\u00f3l<\/p>\n\n\n\n<p><br>S\u00edrjel 10.000Ft+\u00e1fa-t\u00f3l<\/p>\n\n\n\n<p><br>R\u00f6gfog\u00f3 10.000Ft+\u00e1fa-t\u00f3l<\/p>\n\n\n\n<p><br>Halottsz\u00e1ll\u00edt\u00e1s 15.000Ft+\u00e1fa-t\u00f3l<\/p>\n\n\n\n<p><br>Bios urna 40.000Ft+\u00e1fa-t\u00f3l<\/p>\n\n\n\n<p><br>Hamvak sz\u00f3r\u00e1sa 15.000Ft+\u00e1fa-t\u00f3l<\/p>\n\n\n\n<p><br>Hamvak temet\u00e9se 50.000Ft+\u00e1fa-t\u00f3l<\/p>\n\n\n\n<p><\/p>\n\n\n\n<p><br>Kopors\u00f3s temet\u00e9s 90.000Ft+\u00e1fa-t\u00f3l<\/p>\n\n\n\n<p><br>S\u00edrmos\u00e1s 20.000Ft+\u00e1fa-t\u00f3l<\/p>\n\n\n\n<p><br>Az \u00e1raink t\u00e1j\u00e9koztat\u00f3 jelleg\u0171ek!<\/p>\n","protected":false},"excerpt":{"rendered":"<p>Urna 5.000Ft+\u00e1fa-t\u00f3l B\u00e9lelt kopors\u00f3 40 000Ft-+\u00e1f\u00e1-t\u00f3l S\u00edrjel 10.000Ft+\u00e1fa-t\u00f3l R\u00f6gfog\u00f3 10.000Ft+\u00e1fa-t\u00f3l Halottsz\u00e1ll\u00edt\u00e1s 15.000Ft+\u00e1fa-t\u00f3l Bios urna 40.000Ft+\u00e1fa-t\u00f3l Hamvak sz\u00f3r\u00e1sa 15.000Ft+\u00e1fa-t\u00f3l Hamvak temet\u00e9se 50.000Ft+\u00e1fa-t\u00f3l Kopors\u00f3s temet\u00e9s 90.000Ft+\u00e1fa-t\u00f3l S\u00edrmos\u00e1s 20.000Ft+\u00e1fa-t\u00f3l Az \u00e1raink t\u00e1j\u00e9koztat\u00f3 jelleg\u0171ek!<\/p>\n","protected":false},"author":1,"featured_media":0,"parent":0,"menu_order":0,"comment_status":"closed","ping_status":"closed","template":"","meta":{"ngg_post_thumbnail":0,"footnotes":""},"class_list":["post-382","page","type-page","status-publish","hentry"],"_links":{"self":[{"href":"http:\/\/naplementetk.hu\/index.php?rest_route=\/wp\/v2\/pages\/382","targetHints":{"allow":["GET"]}}],"collection":[{"href":"http:\/\/naplementetk.hu\/index.php?rest_route=\/wp\/v2\/pages"}],"about":[{"href":"http:\/\/naplementetk.hu\/index.php?rest_route=\/wp\/v2\/types\/page"}],"author":[{"embeddable":true,"href":"http:\/\/naplementetk.hu\/index.php?rest_route=\/wp\/v2\/users\/1"}],"replies":[{"embeddable":true,"href":"http:\/\/naplementetk.hu\/index.php?rest_route=%2Fwp%2Fv2%2Fcomments&post=382"}],"version-history":[{"count":2,"href":"http:\/\/naplementetk.hu\/index.php?rest_route=\/wp\/v2\/pages\/382\/revisions"}],"predecessor-version":[{"id":385,"href":"http:\/\/naplementetk.hu\/index.php?rest_route=\/wp\/v2\/pages\/382\/revisions\/385"}],"wp:attachment":[{"href":"http:\/\/naplementetk.hu\/index.php?rest_route=%2Fwp%2Fv2%2Fmedia&parent=382"}],"curies":[{"name":"wp","href":"https:\/\/api.w.org\/{rel}","templated":true}]}}