{"id":260,"date":"2015-09-11T08:12:55","date_gmt":"2015-09-11T07:12:55","guid":{"rendered":"http:\/\/naplementetk.hu\/?page_id=260"},"modified":"2015-10-23T21:18:46","modified_gmt":"2015-10-23T20:18:46","slug":"alternativ-temetesi-formak","status":"publish","type":"page","link":"http:\/\/naplementetk.hu\/?page_id=260","title":{"rendered":"Bios bio urna"},"content":{"rendered":"<div><center>BIOS bio urna egy\u00a0k\u00f6rnyezetbar\u00e1t, biol\u00f3giai \u00faton leboml\u00f3\u00a0urna,\u00a0 mely egy\u00a0 fa \u00a0magj\u00e1t tartalmazza speci\u00e1lis, cs\u00edr\u00e1z\u00e1st el\u0151seg\u00edt\u0151 k\u00f6zegben. Ha az elhunyt hamvait ebben helyezik el, az urna f\u00f6ldbehelyez\u00e9se ut\u00e1n a mag a fels\u0151 kapszul\u00e1b\u00f3l hajt ki \u00e9s fejl\u0151dik f\u00e1v\u00e1, \u00edgy \u00e1ll\u00edtva m\u00e9lt\u00f3 \u00e9s \u00e9l\u0151 eml\u00e9ket az elhunytnak.<b>Szerett\u00fcnk, hal\u00e1la ut\u00e1n egy \u00faj \u00e9let \u00fatj\u00e1n t\u00e9r vissza a term\u00e9szetbe!<\/b><\/p>\n<p>A jelenleg v\u00e1laszthat\u00f3 fa fajt\u00e1kat szakember aj\u00e1nl\u00e1sa alapj\u00e1n v\u00e1logattuk \u00f6ssze, ezek mindegyike alkalmas arra, hogy Magyarorsz\u00e1gon el\u00fcltess\u00e9k, \u00a0juhar k\u0151ris \u00e9s ginkgo biloba k\u00f6z\u00fcl lehet v\u00e1lasztani. Mivel a v\u00e1laszthat\u00f3 fa fajt\u00e1k mindegyike lassan n\u00f6v\u0151 t\u00edpus, az ak\u00e1r kertben\/temet\u0151ben\/eml\u00e9kparkban vagy megfelel\u0151 m\u00e9ret\u0171 cser\u00e9pben is elhelyezhet\u0151.<\/p>\n<p><\/center><\/div>\n<p><span style=\"color: #000000;\">\u00a0<\/span><\/p>\n<p>&nbsp;<\/p>\n<table border=\"0\">\n<tbody>\n<tr>\n<td><center><a href=\"http:\/\/naplementetk.hu\/wp-content\/uploads\/2015\/09\/DSC_0309.jpg\"> <img decoding=\"async\" alt=\"DSC_0309\" src=\"http:\/\/naplementetk.hu\/wp-content\/uploads\/2015\/09\/DSC_0309-300x202.jpg\" \/><\/a><\/center><\/td>\n<td><center><a href=\"http:\/\/naplementetk.hu\/wp-content\/uploads\/2015\/09\/embereknek.jpg\"> <img decoding=\"async\" alt=\"Embereknek\" src=\"http:\/\/naplementetk.hu\/wp-content\/uploads\/2015\/09\/embereknek-212x300.jpg\" \/><\/a><\/center><\/td>\n<\/tr>\n<tr>\n<td><center><a href=\"http:\/\/naplementetk.hu\/wp-content\/uploads\/2015\/09\/unnamed.png\"> <img decoding=\"async\" alt=\"unnamed\" src=\"http:\/\/naplementetk.hu\/wp-content\/uploads\/2015\/09\/unnamed.png\" \/>\u00a0<\/a><\/center><\/td>\n<td><center><a href=\"http:\/\/naplementetk.hu\/wp-content\/uploads\/2015\/09\/IMG_3907.jpg\"> <img decoding=\"async\" alt=\"IMG_3907\" src=\"http:\/\/naplementetk.hu\/wp-content\/uploads\/2015\/09\/IMG_3907-186x300.jpg\" \/><\/a><\/center><\/td>\n<\/tr>\n<\/tbody>\n<\/table>\n","protected":false},"excerpt":{"rendered":"<p>BIOS bio urna egy\u00a0k\u00f6rnyezetbar\u00e1t, biol\u00f3giai \u00faton leboml\u00f3\u00a0urna,\u00a0 mely egy\u00a0 fa \u00a0magj\u00e1t tartalmazza speci\u00e1lis, cs\u00edr\u00e1z\u00e1st el\u0151seg\u00edt\u0151 k\u00f6zegben. Ha az elhunyt hamvait ebben helyezik el, az urna f\u00f6ldbehelyez\u00e9se ut\u00e1n a mag a fels\u0151 kapszul\u00e1b\u00f3l hajt ki \u00e9s fejl\u0151dik f\u00e1v\u00e1, \u00edgy \u00e1ll\u00edtva m\u00e9lt\u00f3 \u00e9s \u00e9l\u0151 eml\u00e9ket az elhunytnak.Szerett\u00fcnk, hal\u00e1la ut\u00e1n egy \u00faj \u00e9let \u00fatj\u00e1n t\u00e9r vissza a term\u00e9szetbe! [&hellip;]<\/p>\n","protected":false},"author":1,"featured_media":0,"parent":0,"menu_order":0,"comment_status":"closed","ping_status":"closed","template":"","meta":{"ngg_post_thumbnail":0,"footnotes":""},"class_list":["post-260","page","type-page","status-publish","hentry"],"_links":{"self":[{"href":"http:\/\/naplementetk.hu\/index.php?rest_route=\/wp\/v2\/pages\/260","targetHints":{"allow":["GET"]}}],"collection":[{"href":"http:\/\/naplementetk.hu\/index.php?rest_route=\/wp\/v2\/pages"}],"about":[{"href":"http:\/\/naplementetk.hu\/index.php?rest_route=\/wp\/v2\/types\/page"}],"author":[{"embeddable":true,"href":"http:\/\/naplementetk.hu\/index.php?rest_route=\/wp\/v2\/users\/1"}],"replies":[{"embeddable":true,"href":"http:\/\/naplementetk.hu\/index.php?rest_route=%2Fwp%2Fv2%2Fcomments&post=260"}],"version-history":[{"count":46,"href":"http:\/\/naplementetk.hu\/index.php?rest_route=\/wp\/v2\/pages\/260\/revisions"}],"predecessor-version":[{"id":323,"href":"http:\/\/naplementetk.hu\/index.php?rest_route=\/wp\/v2\/pages\/260\/revisions\/323"}],"wp:attachment":[{"href":"http:\/\/naplementetk.hu\/index.php?rest_route=%2Fwp%2Fv2%2Fmedia&parent=260"}],"curies":[{"name":"wp","href":"https:\/\/api.w.org\/{rel}","templated":true}]}}