{"id":13,"date":"2010-10-11T12:27:53","date_gmt":"2010-10-11T11:27:53","guid":{"rendered":"http:\/\/naplementetk.hu\/?page_id=13"},"modified":"2021-12-20T20:00:03","modified_gmt":"2021-12-20T19:00:03","slug":"kapcsolat-nyitvatartas","status":"publish","type":"page","link":"http:\/\/naplementetk.hu\/?page_id=13","title":{"rendered":"Kapcsolat"},"content":{"rendered":"<p><b><\/b><b><span style=\"text-decoration: underline;\">T\u00f3tkoml\u00f3si Telephely:&nbsp;<\/span><\/b><b>&nbsp; &nbsp; &nbsp; &nbsp; &nbsp; &nbsp; &nbsp; &nbsp; &nbsp; &nbsp; &nbsp; &nbsp; &nbsp; &nbsp; &nbsp; &nbsp; &nbsp; &nbsp;&nbsp; &nbsp; &nbsp; &nbsp; &nbsp; &nbsp; &nbsp; &nbsp; &nbsp; &nbsp; &nbsp; &nbsp; &nbsp; &nbsp; &nbsp; &nbsp;<\/b><\/p>\n<p>C\u00edm: 5940 T\u00f3tkoml\u00f3s, Aradi utca 33.&nbsp; &nbsp; &nbsp; &nbsp; &nbsp; &nbsp; &nbsp; &nbsp; &nbsp; &nbsp; <b>&nbsp;&nbsp;&nbsp;<\/b><\/p>\n<p>Tel.\/ Fax: 06-68\/460-333&nbsp; &nbsp; &nbsp; &nbsp; &nbsp; &nbsp; &nbsp; &nbsp; &nbsp; &nbsp; &nbsp; &nbsp; &nbsp; &nbsp; &nbsp; &nbsp; &nbsp;&nbsp;<\/p>\n<p>Nyitva tart\u00e1s: h\u00e9tf\u0151t\u0151l-p\u00e9ntekig 8-15.30-ig<\/p>\n<p><b>\u00dcgyeleti telefonsz\u00e1m:&nbsp; &nbsp; &nbsp; &nbsp; &nbsp; &nbsp; &nbsp; &nbsp; &nbsp; &nbsp; &nbsp; &nbsp; &nbsp; &nbsp; &nbsp; &nbsp; &nbsp; &nbsp;<\/b><\/p>\n<p><b>06-30\/ 305-14-54&nbsp; &nbsp; &nbsp; &nbsp; &nbsp; &nbsp; &nbsp; &nbsp; &nbsp; &nbsp; &nbsp; &nbsp; &nbsp; &nbsp; &nbsp; &nbsp; &nbsp; &nbsp; &nbsp; &nbsp;&nbsp;<\/b><\/p>\n<p><b>&nbsp;<\/b><\/p>\n<p><b><\/b><b><span style=\"text-decoration: underline;\">Orosh\u00e1zi Kirendelts\u00e9g:<\/span><\/b><\/p>\n<p>C\u00edm: 5900 Orosh\u00e1za, T\u00e1ncsics utca 11. ( B\u00edr\u00f3s\u00e1ggal szemben)<\/p>\n<p>Tel.\/Fax: 06-68\/411-866<\/p>\n<p>Nyitva tart\u00e1s: h\u00e9tf\u0151t\u0151l-p\u00e9ntekig 8-11.30-ig<\/p>\n<p><b>\u00dcgyeleti telefonsz\u00e1m:<\/b><\/p>\n<p><b>06-30\/ 305-14-54<\/b><\/p>\n<p><b>&nbsp;<\/b><\/p>\n<p><b>&nbsp; &nbsp; &nbsp; &nbsp; &nbsp; &nbsp; &nbsp; &nbsp; &nbsp; &nbsp; &nbsp; &nbsp; &nbsp; &nbsp; &nbsp; &nbsp; &nbsp;e-mail c\u00edm: <\/b><a href=\"mailto:naplementetk@gmail.com\"><b>naplementetk@gmail.com<\/b><\/a><b><\/b><\/p>\n<p><b>&nbsp; &nbsp; &nbsp; &nbsp; &nbsp; &nbsp; &nbsp; &nbsp; &nbsp; &nbsp; &nbsp; &nbsp; &nbsp; &nbsp; &nbsp; &nbsp; &nbsp; &nbsp; &nbsp; &nbsp; &nbsp; &nbsp; &nbsp;czirletimea@gmail.com<\/b><\/p>\n","protected":false},"excerpt":{"rendered":"<p>T\u00f3tkoml\u00f3si Telephely:&nbsp;&nbsp; &nbsp; &nbsp; &nbsp; &nbsp; &nbsp; &nbsp; &nbsp; &nbsp; &nbsp; &nbsp; &nbsp; &nbsp; &nbsp; &nbsp; &nbsp; &nbsp; &nbsp;&nbsp; &nbsp; &nbsp; &nbsp; &nbsp; &nbsp; &nbsp; &nbsp; &nbsp; &nbsp; &nbsp; &nbsp; &nbsp; &nbsp; &nbsp; &nbsp; C\u00edm: 5940 T\u00f3tkoml\u00f3s, Aradi utca 33.&nbsp; &nbsp; &nbsp; &nbsp; &nbsp; &nbsp; &nbsp; &nbsp; &nbsp; &nbsp; &nbsp;&nbsp;&nbsp; Tel.\/ Fax: 06-68\/460-333&nbsp; &nbsp; &nbsp; [&hellip;]<\/p>\n","protected":false},"author":1,"featured_media":0,"parent":0,"menu_order":0,"comment_status":"open","ping_status":"open","template":"","meta":{"ngg_post_thumbnail":0,"footnotes":""},"class_list":["post-13","page","type-page","status-publish","hentry"],"_links":{"self":[{"href":"http:\/\/naplementetk.hu\/index.php?rest_route=\/wp\/v2\/pages\/13","targetHints":{"allow":["GET"]}}],"collection":[{"href":"http:\/\/naplementetk.hu\/index.php?rest_route=\/wp\/v2\/pages"}],"about":[{"href":"http:\/\/naplementetk.hu\/index.php?rest_route=\/wp\/v2\/types\/page"}],"author":[{"embeddable":true,"href":"http:\/\/naplementetk.hu\/index.php?rest_route=\/wp\/v2\/users\/1"}],"replies":[{"embeddable":true,"href":"http:\/\/naplementetk.hu\/index.php?rest_route=%2Fwp%2Fv2%2Fcomments&post=13"}],"version-history":[{"count":36,"href":"http:\/\/naplementetk.hu\/index.php?rest_route=\/wp\/v2\/pages\/13\/revisions"}],"predecessor-version":[{"id":381,"href":"http:\/\/naplementetk.hu\/index.php?rest_route=\/wp\/v2\/pages\/13\/revisions\/381"}],"wp:attachment":[{"href":"http:\/\/naplementetk.hu\/index.php?rest_route=%2Fwp%2Fv2%2Fmedia&parent=13"}],"curies":[{"name":"wp","href":"https:\/\/api.w.org\/{rel}","templated":true}]}}