{"id":102,"date":"2010-10-11T12:27:53","date_gmt":"2010-10-11T11:27:53","guid":{"rendered":"http:\/\/naplementetk.hu\/?page_id=102"},"modified":"2015-10-23T21:15:15","modified_gmt":"2015-10-23T20:15:15","slug":"hamvak-szorasa","status":"publish","type":"page","link":"http:\/\/naplementetk.hu\/?page_id=102","title":{"rendered":"Hamvak Sz\u00f3r\u00e1sa"},"content":{"rendered":"<p><a href=\"http:\/\/naplementetk.hu\/wp-content\/uploads\/2012\/02\/marcius.jpg\"><img loading=\"lazy\" decoding=\"async\" class=\"alignright size-medium wp-image-104\" title=\"marcius\" alt=\"\" src=\"http:\/\/naplementetk.hu\/wp-content\/uploads\/2012\/02\/marcius-300x225.jpg\" width=\"300\" height=\"225\" srcset=\"http:\/\/naplementetk.hu\/wp-content\/uploads\/2012\/02\/marcius-300x225.jpg 300w, http:\/\/naplementetk.hu\/wp-content\/uploads\/2012\/02\/marcius-1024x768.jpg 1024w\" sizes=\"auto, (max-width: 300px) 100vw, 300px\" \/><\/a><\/p>\n<p>A temet\u00e9si szertart\u00e1s, az utols\u00f3 b\u00facs\u00faz\u00e1s, mindig meghat\u00e1roz\u00f3 az itt maradottak sz\u00e1m\u00e1ra, hiszen akkor utolj\u00e1ra tal\u00e1lkoznak azzal, aki fontos volt az \u00e9let\u00fckben,\u00edgy az elv\u00e1l\u00e1s,mindig neh\u00e9z,tal\u00e1n a legnehezebb. Polg\u00e1ri vagy t\u00e1rsadalmi b\u00facs\u00faztat\u00f3k\u00e9nt sokszor l\u00e1ttam k\u00e9ts\u00e9gbeesett hozz\u00e1tartoz\u00f3kat, akik f\u00e1jdalma minden esetben le\u00edrhatatlan volt. A gy\u00e1szszertart\u00e1s v\u00e9g\u00e9n a hantok d\u00f6rg\u00e9se, a f\u00f6ld koppan\u00e1s\u00e1nak a hangja, ami azt a kopors\u00f3t s\u00fajtotta amit elengedtek csak fokozta f\u00e1jdalmukat. Akik viszont nem a hagyom\u00e1nyos kopors\u00f3s temetkez\u00e9si form\u00e1t, hanem a most m\u00e1r egyre ink\u00e1bb elterjed\u0151 hamvaszt\u00e1st v\u00e1lasztj\u00e1k, nem szembes\u00fclnek ezzel a megr\u00e1zk\u00f3dtat\u00e1ssal. A s\u00edrv\u00e1lt\u00e1s, a s\u00edrk\u0151 elk\u00e9sz\u00edttet\u00e9se, val\u00f3ban k\u00f6lts\u00e9ges, a m\u00e1sik probl\u00e9ma a talajv\u00edz, \u00e9s r\u00e1ad\u00e1sul m\u00e9g mindig \u00e9l az emberekben az a nyomaszt\u00f3 \u00e9rz\u00e9s, ha nem tesznek ki maguk\u00e9rt, k\u00f6rnyezet\u00fck megsz\u00f3lja \u0151ket. Mindk\u00e9t probl\u00e9m\u00e1ra megold\u00e1s az az eml\u00e9khely, amelyet T\u00f3tkoml\u00f3son hoztunk l\u00e9tre.<br \/>\nTemet\u0151n k\u00edv\u00fcl, mag\u00e1nk\u00e9zben l\u00e9v\u0151 hamvak sz\u00f3r\u00e1s\u00e1ra alkalmas eml\u00e9kpark B\u00e9k\u00e9s megy\u00e9ben, l\u00e9tes\u00fclt els\u0151k\u00e9nt az orsz\u00e1gban.<\/p>\n<p>Az Eml\u00e9kparkunk k\u00f6zel 6500 n\u00e9gyzetm\u00e9teren helyezkedik el, amib\u0151l 1000 n\u00e9gyzetm\u00e9ter az a ter\u00fclet ahol a hamvak sz\u00e1raz sz\u00f3r\u00e1s\u00e1t, illetve azok v\u00edzzel t\u00f6rt\u00e9n\u0151 elhelyez\u00e9s\u00e9t tudjuk kegyelet teljesen,a t\u00f6rv\u00e9nynek megfelel\u0151en elhelyezni. A vizes sz\u00f3r\u00e1skor a hamvak teljes bemos\u00f3d\u00e1s\u00e1t biztos\u00edtva, k\u00f6zel 5000 liter v\u00edz ker\u00fcl elhaszn\u00e1l\u00e1sra. A bemos\u00e1st a hozz\u00e1tartoz\u00f3k \u00e1ltal kiv\u00e1lasztott zen\u00e9re v\u00e9gezz\u00fck,\u00e9s a l\u00e9lekharang csend\u00fcl\u00e9se ut\u00e1n elkezd\u0151dik a szertart\u00e1s. Els\u0151k\u00e9nt a k\u00fcls\u0151 v\u00edzf\u00fcgg\u00f6ny egyszerre elindul,amelynek c\u00e9lja a l\u00e1tv\u00e1nyoss\u00e1g mellett,hogy seg\u00edtse a hamvak t\u00f6k\u00e9letes bemos\u00f3d\u00e1s\u00e1t. 30 m\u00e1sodperc eltelt\u00e9vel pedig megkezd\u0151dik a hamvak bemos\u00e1sa, az erre a c\u00e9lra k\u00e9sz\u00edtett speci\u00e1lis sz\u00f3r\u00f3 urn\u00e1b\u00f3l. A szertart\u00e1s befejezt\u00e9vel egy sz\u00e1l vir\u00e1ggal el\u00e9g tisztelegni, itt a koszor\u00fak elhelyez\u00e9se nem sz\u00fcks\u00e9gesek.<br \/>\nSz\u00e1raz sz\u00f3r\u00e1sn\u00e1l viszont a hamvak egy f\u00f6ldalatti z\u00e1rt rendszerbe ker\u00fclnek, \u00e9s miut\u00e1n az megtelt \u00faj ossz\u00e1riumot kell \u00e9p\u00edteni. Sokszor felmer\u00fclt az a k\u00e9rd\u00e9s, hogy akik a v\u00e9gs\u0151 b\u00facs\u00faz\u00e1snak ezt a temetkez\u00e9si form\u00e1j\u00e1t v\u00e1lasztj\u00e1k, hogyan fognak a k\u00e9s\u0151bbiekben megeml\u00e9kezni elhunyt szeretteikr\u0151l, hova fognak vir\u00e1got vinni? Erre a c\u00e9lra kialak\u00edtottunk egy eml\u00e9kfalat, ahol a s\u00edrk\u00f6vekhez hasonl\u00f3an a n\u00e9v mellett csak sz\u00fclet\u00e9si \u00e9s hal\u00e1loz\u00e1si \u00e9vet t\u00fcntet\u00fcnk fel. Ott az eml\u00e9kfaln\u00e1l, mindig van lehet\u0151s\u00e9g tisztelegni, m\u00e9lt\u00f3 k\u00f6r\u00fclm\u00e9nyek k\u00f6z\u00f6tt eml\u00e9kezni.<\/p>\n","protected":false},"excerpt":{"rendered":"<p>A temet\u00e9si szertart\u00e1s, az utols\u00f3 b\u00facs\u00faz\u00e1s, mindig meghat\u00e1roz\u00f3 az itt maradottak sz\u00e1m\u00e1ra, hiszen akkor utolj\u00e1ra tal\u00e1lkoznak azzal, aki fontos volt az \u00e9let\u00fckben,\u00edgy az elv\u00e1l\u00e1s,mindig neh\u00e9z,tal\u00e1n a legnehezebb. Polg\u00e1ri vagy t\u00e1rsadalmi b\u00facs\u00faztat\u00f3k\u00e9nt sokszor l\u00e1ttam k\u00e9ts\u00e9gbeesett hozz\u00e1tartoz\u00f3kat, akik f\u00e1jdalma minden esetben le\u00edrhatatlan volt. A gy\u00e1szszertart\u00e1s v\u00e9g\u00e9n a hantok d\u00f6rg\u00e9se, a f\u00f6ld koppan\u00e1s\u00e1nak a hangja, ami azt a [&hellip;]<\/p>\n","protected":false},"author":1,"featured_media":0,"parent":0,"menu_order":0,"comment_status":"open","ping_status":"open","template":"","meta":{"ngg_post_thumbnail":0,"footnotes":""},"class_list":["post-102","page","type-page","status-publish","hentry"],"_links":{"self":[{"href":"http:\/\/naplementetk.hu\/index.php?rest_route=\/wp\/v2\/pages\/102","targetHints":{"allow":["GET"]}}],"collection":[{"href":"http:\/\/naplementetk.hu\/index.php?rest_route=\/wp\/v2\/pages"}],"about":[{"href":"http:\/\/naplementetk.hu\/index.php?rest_route=\/wp\/v2\/types\/page"}],"author":[{"embeddable":true,"href":"http:\/\/naplementetk.hu\/index.php?rest_route=\/wp\/v2\/users\/1"}],"replies":[{"embeddable":true,"href":"http:\/\/naplementetk.hu\/index.php?rest_route=%2Fwp%2Fv2%2Fcomments&post=102"}],"version-history":[{"count":9,"href":"http:\/\/naplementetk.hu\/index.php?rest_route=\/wp\/v2\/pages\/102\/revisions"}],"predecessor-version":[{"id":318,"href":"http:\/\/naplementetk.hu\/index.php?rest_route=\/wp\/v2\/pages\/102\/revisions\/318"}],"wp:attachment":[{"href":"http:\/\/naplementetk.hu\/index.php?rest_route=%2Fwp%2Fv2%2Fmedia&parent=102"}],"curies":[{"name":"wp","href":"https:\/\/api.w.org\/{rel}","templated":true}]}}